{"id":907,"date":"2025-02-12T13:55:35","date_gmt":"2025-02-12T16:55:35","guid":{"rendered":"https:\/\/ww2.bdctelecom.com.br\/?page_id=907"},"modified":"2025-02-12T14:00:34","modified_gmt":"2025-02-12T17:00:34","slug":"sobre","status":"publish","type":"page","link":"https:\/\/ww2.bdctelecom.com.br\/index.php\/sobre\/","title":{"rendered":"sobre"},"content":{"rendered":"\t\t<div data-elementor-type=\"wp-page\" data-elementor-id=\"907\" class=\"elementor elementor-907\" data-elementor-post-type=\"page\">\n\t\t\t\t<div class=\"elementor-element elementor-element-5bc6ff7 e-flex e-con-boxed e-con e-parent\" data-id=\"5bc6ff7\" data-element_type=\"container\">\n\t\t\t\t\t<div class=\"e-con-inner\">\n\t\t<div class=\"elementor-element elementor-element-a38537c e-con-full e-flex e-con e-child\" data-id=\"a38537c\" data-element_type=\"container\">\n\t\t\t\t<div class=\"elementor-element elementor-element-4cf5395 elementor-widget__width-inherit elementor-widget-mobile__width-inherit scroll-bottom elementor-widget elementor-widget-image-box\" data-id=\"4cf5395\" data-element_type=\"widget\" data-widget_type=\"image-box.default\">\n\t\t\t\t<div class=\"elementor-widget-container\">\n\t\t\t\t\t<div class=\"elementor-image-box-wrapper\"><div class=\"elementor-image-box-content\"><h3 class=\"elementor-image-box-title\">Conex\u00e3o de alta performance \u00e9 com a BDC TELECOM<\/h3><\/div><\/div>\t\t\t\t<\/div>\n\t\t\t\t<\/div>\n\t\t\t\t<div class=\"elementor-element elementor-element-364a247 elementor-widget elementor-widget-text-editor\" data-id=\"364a247\" data-element_type=\"widget\" data-widget_type=\"text-editor.default\">\n\t\t\t\t<div class=\"elementor-widget-container\">\n\t\t\t\t\t\t\t\t\t<h4><strong>A EMPRESA<\/strong><\/h4><p>A BDC TELECOM destaca-se pela excelente qualidade de seus produtos, garantida pela utiliza\u00e7\u00e3o da mais moderna tecnologia aliada os melhores equipamentos existente.<\/p><p>A empresa oferece ainda suporte total de seus servi\u00e7os, proporcionando confian\u00e7a e tranquilidade a seus clientes!<\/p><p>Estamos no mercado para disponibilizar servi\u00e7os de alta qualidade e confiabilidade, pode confiar, estamos empenhados em servi-lo bem.<\/p><p>N\u00e3o somos s\u00f3 mais uma empresa de internet, estamos procurando ser a melhor empresa neste ramo de atividade.<\/p><p>Economia com qualidade, tranquilidade, garantia e felicidades!<\/p><h4><strong>MISS\u00c3O<\/strong><\/h4><p>Atender e superar as expectativas e necessidades dos nossos clientes e parceiros, oferecendo servi\u00e7os de qualidade, atrav\u00e9s de modernas tecnologias contando com solu\u00e7\u00f5es e inova\u00e7\u00f5es \u00fateis para o mercado.<\/p><h4><strong>VIS\u00c3O<\/strong><\/h4><p>Ser reconhecida no mercado como uma das melhores empresas no setor de telecomunica\u00e7\u00f5es e atender as necessidades de cada cliente, de forma a obter a satisfa\u00e7\u00e3o dos mesmos.<\/p><h4><strong>VALORES<\/strong><\/h4><p>\u2013 \u00c9tica;<\/p><p>\u2013 Aperfei\u00e7oamento profissional;<\/p><p>\u2013 Comprometimento com os clientes;<\/p><p>\u2013 Compromisso com os resultados;<\/p><p>\u2013 Busca constante pela qualidade.<\/p>\t\t\t\t\t\t\t\t<\/div>\n\t\t\t\t<\/div>\n\t\t\t\t<\/div>\n\t\t\t\t<div class=\"elementor-element elementor-element-fa27a16 elementor-widget__width-initial elementor-widget elementor-widget-image\" data-id=\"fa27a16\" data-element_type=\"widget\" data-widget_type=\"image.default\">\n\t\t\t\t<div class=\"elementor-widget-container\">\n\t\t\t\t\t\t\t\t\t\t\t\t\t\t\t<img fetchpriority=\"high\" decoding=\"async\" width=\"360\" height=\"540\" src=\"https:\/\/ww2.bdctelecom.com.br\/wp-content\/uploads\/2025\/02\/cabos-de-fibra-optica-ligados-a-portas-opticas-e-cabos-de-rede-ligados-a-portos-ethernet_662214-382150.avif\" class=\"attachment-large size-large wp-image-909\" alt=\"\" srcset=\"https:\/\/ww2.bdctelecom.com.br\/wp-content\/uploads\/2025\/02\/cabos-de-fibra-optica-ligados-a-portas-opticas-e-cabos-de-rede-ligados-a-portos-ethernet_662214-382150.avif 360w, https:\/\/ww2.bdctelecom.com.br\/wp-content\/uploads\/2025\/02\/cabos-de-fibra-optica-ligados-a-portas-opticas-e-cabos-de-rede-ligados-a-portos-ethernet_662214-382150-200x300.avif 200w\" sizes=\"(max-width: 360px) 100vw, 360px\" \/>\t\t\t\t\t\t\t\t\t\t\t\t\t\t\t<\/div>\n\t\t\t\t<\/div>\n\t\t\t\t\t<\/div>\n\t\t\t\t<\/div>\n\t\t\t\t<\/div>\n\t\t","protected":false},"excerpt":{"rendered":"<p>Conex\u00e3o de alta performance \u00e9 com a BDC TELECOM A EMPRESA A BDC TELECOM destaca-se pela excelente qualidade de seus produtos, garantida pela utiliza\u00e7\u00e3o da mais moderna tecnologia aliada os melhores equipamentos existente. A empresa oferece ainda suporte total de seus servi\u00e7os, proporcionando confian\u00e7a e tranquilidade a seus clientes! Estamos no mercado para disponibilizar servi\u00e7os [&hellip;]<\/p>\n","protected":false},"author":1,"featured_media":0,"parent":0,"menu_order":0,"comment_status":"closed","ping_status":"closed","template":"","meta":{"footnotes":""},"class_list":["post-907","page","type-page","status-publish","hentry"],"_links":{"self":[{"href":"https:\/\/ww2.bdctelecom.com.br\/index.php\/wp-json\/wp\/v2\/pages\/907","targetHints":{"allow":["GET"]}}],"collection":[{"href":"https:\/\/ww2.bdctelecom.com.br\/index.php\/wp-json\/wp\/v2\/pages"}],"about":[{"href":"https:\/\/ww2.bdctelecom.com.br\/index.php\/wp-json\/wp\/v2\/types\/page"}],"author":[{"embeddable":true,"href":"https:\/\/ww2.bdctelecom.com.br\/index.php\/wp-json\/wp\/v2\/users\/1"}],"replies":[{"embeddable":true,"href":"https:\/\/ww2.bdctelecom.com.br\/index.php\/wp-json\/wp\/v2\/comments?post=907"}],"version-history":[{"count":7,"href":"https:\/\/ww2.bdctelecom.com.br\/index.php\/wp-json\/wp\/v2\/pages\/907\/revisions"}],"predecessor-version":[{"id":915,"href":"https:\/\/ww2.bdctelecom.com.br\/index.php\/wp-json\/wp\/v2\/pages\/907\/revisions\/915"}],"wp:attachment":[{"href":"https:\/\/ww2.bdctelecom.com.br\/index.php\/wp-json\/wp\/v2\/media?parent=907"}],"curies":[{"name":"wp","href":"https:\/\/api.w.org\/{rel}","templated":true}]}}